{"id":2319,"date":"2018-02-05T09:58:26","date_gmt":"2018-02-05T08:58:26","guid":{"rendered":"http:\/\/flovac.es\/sistema-flovac-della-fognatura-sottovuoto\/"},"modified":"2018-05-24T17:48:09","modified_gmt":"2018-05-24T16:48:09","slug":"sistema-flovac-della-fognatura-sottovuoto","status":"publish","type":"page","link":"https:\/\/flovac.es\/en\/sistema-flovac-della-fognatura-sottovuoto\/","title":{"rendered":"Sistema Flovac della fognatura sottovuoto"},"content":{"rendered":"<div id=\"dslc-theme-content\"><div id=\"dslc-theme-content-inner\"><div id=\"dslc-main\">\n<div  class=\"dslc-modules-section padding0 titular \" style=\"padding-bottom:0px;padding-top:0px;\" data-section-id=\"5d3bdbb28c5\">\n<div class=\"dslc-modules-section-wrapper dslc-clearfix\">\n<div class=\"dslc-modules-area dslc-col dslc-12-col dslc-last-col\" data-size=\"12\" data-valign=\"\">\n<div id=\"dslc-module-44e195e5ffd\" class=\"dslc-module-front dslc-module-DSLC_Text_Simple dslc-in-viewport-check dslc-in-viewport-anim-none  dslc-col dslc-12-col dslc-last-col  dslc-module-handle-like-regular \" data-module-id=\"44e195e5ffd\" data-module=\"DSLC_Text_Simple\" data-dslc-module-size=\"12\" data-dslc-anim=\"none\" data-dslc-anim-delay=\"\" data-dslc-anim-duration=\"650\"  data-dslc-anim-easing=\"ease\" data-dslc-preset=\"none\" >\n<div class=\"dslc-text-module-content\">\n<h1>Sistema Flovac della fognatura sottovuoto<\/h1>\n<\/p><\/div>\n<\/p><\/div>\n<p><!-- .dslc-module -->\n\t\t<\/div>\n<\/div>\n<\/div>\n<div  class=\"dslc-modules-section \" style=\"padding-bottom:0px;padding-top:0px;\" data-section-id=\"eb8777949e4\">\n<div class=\"dslc-modules-section-wrapper dslc-clearfix\">\n<div class=\"dslc-modules-area dslc-col dslc-12-col dslc-last-col\" data-size=\"12\" data-valign=\"\">\n<div id=\"dslc-module-e1be0c25c70\" class=\"dslc-module-front dslc-module-DSLC_Text_Simple dslc-in-viewport-check dslc-in-viewport-anim-none  dslc-col dslc-12-col dslc-last-col  dslc-module-handle-like-regular \" data-module-id=\"e1be0c25c70\" data-module=\"DSLC_Text_Simple\" data-dslc-module-size=\"12\" data-dslc-anim=\"none\" data-dslc-anim-delay=\"\" data-dslc-anim-duration=\"650\"  data-dslc-anim-easing=\"ease\" data-dslc-preset=\"none\" >\n<div class=\"dslc-text-module-content\">\n<h2>In Flovac siamo esperti nella soluzione delle difficolt\u00e0 della fognatura nelle zone geografiche speciali e nelle aree delicate ambientali con la tecnologia del vuoto.<\/h2>\n<p>Il gruppo globale dell'ingegneria di Flovac capisce l'importanza dei problemi locali, sia un\u2019inondazione, un terremoto, un isolamento (geograficamente), le difficolt\u00e0 operative o la preoccupazione ambientale.<\/p>\n<p>Il team di ricerca e sviluppo di Flovac si concentra nell'individuazione delle soluzioni alle difficolt\u00e0 di fognatura facendo uso di tecnologia del vuoto. Ci\u00f2 comprende la tecnologia e le soluzioni del monitoraggio per conservare l'energia e l'acqua.<\/p>\n<p>La forza principale della societ\u00e0 \u00e8 l'approccio del \u201csistema\u201d per tutto il progetto, assicurante la nostra implicazione dalla progettazione all'eccellenza operativa.<\/p>\n<p>I nostri servizi includono: progettazione di concetti e bilancio; progettazione della stazione di vuoto e della rete; pianificazione generale; verifica di sistema; gestione di progetti; manutenzione del sistema; supporto alla gestione degli asset; e formazione.<\/p>\n<p>Un sistema di fognatura sottovuoto \u00e8 un sistema di fognatura che usa differente pressione dell\u2019aria e della gravit\u00e0 per trasportare rapidamente l'acqua di scarico dai pozzi ad una stazione di vuoto, attraverso una rete del tubo. Una quantit\u00e0 di scarico entra nel sistema di vuoto quando la valvola di Flovac si apre in un pozzo e l'acqua di scarico \u00e8 succhiata fuori alla rete di vuoto. La valvola di Flovac rimane aperta presto permettendo che l'aria atmosferica entri nel tubo di aspirazione e porta l'acqua di scarico alla stazione di vuoto.<\/p>\n<p><img loading=\"lazy\" decoding=\"async\" class=\"alignleft wp-image-174\" src=\"https:\/\/flovac.es\/wp-content\/uploads\/2018\/01\/beneficios-valvula-flovac-2.jpg\" alt=\"Beneficios v\u00e1lvula Flovac\" width=\"350\" height=\"232\" srcset=\"https:\/\/flovac.es\/wp-content\/uploads\/2018\/01\/beneficios-valvula-flovac-2.jpg 500w, https:\/\/flovac.es\/wp-content\/uploads\/2018\/01\/beneficios-valvula-flovac-2-300x199.jpg 300w\" sizes=\"auto, (max-width: 350px) 100vw, 350px\" \/>Il pozzo contiene la valvola a vuoto Flovac, che ha un collegamento D90mm ed il pozzetto di raccolta per l'acqua di scarico.<\/p>\n<p>Quando circa 40 litri di acqua entrano nel pozzetto di raccolta da intorno 4 case, un tubo sensore aprir\u00e0 la valvola, permettendo che le acque reflue e l'aria successiva per entrare alla velocit\u00e0 di 4-6 m\/s. Questa aspirazione anche assicura i gas nocivi sono evacuati dal pozzo, per impedire qualsiasi situazione pericolosa.<\/p>\n<p>In questo momento del processo, non c'\u00e8 bisogno di energia, poich\u00e9 tutte le operazioni funzionano in un modo pneumatico.<\/p>\n<p>I pozzi PE Flovac sono usati comunemente, in quanto permettono la separazione fra il pozzetto di raccolta e la valvola Flovac, assicurando che i operatori non sono in contatto con le acque di scarico. La valvola \u00e8 sempre asciutta, consentendo un accesso facile per l\u2019operatore in modo da non devono entrare in uno spazio ridotto.<\/p>\n<p>La valvola di Flovac \u00e8 fatta da polipropilene di rinforzo con fibra di vetro ed ha un diametro interno 78mm. Ha progettato per durare 50 anni e richiede soltanto una piccola quantit\u00e0 di sostituzioni ogni 10 anni.<\/p>\n<p><img loading=\"lazy\" decoding=\"async\" class=\"alignright size-full wp-image-72\" src=\"https:\/\/flovac.es\/wp-content\/uploads\/2017\/12\/flovac-vacuum-system.jpg\" alt=\"Flovac vacuum system\" width=\"350\" height=\"228\" srcset=\"https:\/\/flovac.es\/wp-content\/uploads\/2017\/12\/flovac-vacuum-system.jpg 350w, https:\/\/flovac.es\/wp-content\/uploads\/2017\/12\/flovac-vacuum-system-300x195.jpg 300w\" sizes=\"auto, (max-width: 350px) 100vw, 350px\" \/>La valvola ed il regolatore sono stati creati per facilitare il lavoro degli operatori. Il regolatore \u00e8 trasparente e pu\u00f2 essere facilmente scollegato dal corpo della valvola solo tirando il pezzo di unione (non ci sono strumenti necessari). La parte superiore della valvola pu\u00f2 essere smontata facilmente dal corpo per eliminare qualsiasi bloccaggio insolito.<\/p>\n<p>La valvola inoltre \u00e8 stata fatta con la capacit\u00e0 di essere completamente monitorati, in modo che un operatore possa controllare da remoto eventuali guasti, nonch\u00e9 un'infiltrazione, ecc.<\/p>\n<p>La rete del tubo di vuoto va dal pozzo alla stazione di vuoto, portando l'acqua di scarico e l'aria.<\/p>\n<p>La rete di vuoto pu\u00f2 essere realizzata con tubi di pressione in PE o PVC ed \u00e8 progettata per essere vicino alla superficie, soltanto ha bisogno delle 0,2% pendenze. Il sistema permette che le ascese per evitare i tubi per essere troppo profondo nella terra.<\/p>\n<p>Mentre pi\u00f9 ascese sono installate, si creano pi\u00f9 idraulico perdite, riducendo la distanza massima della rete.<\/p>\n<p>Un sistema ben progettato pu\u00f2 raggiungere fino a 5km dalla stazione di vuoto a tutta la direzione. \u00c8 importante avere pozzi distribuiti equamente intorno alla stazione e tutto lungo la rete per assicurare avere abbastanza aria, che \u00e8 energia, entrante nel sistema.<\/p>\n<p>La maggior parte dei sistemi sono progettati con 3-5 reti per raggiungere una distribuzione idrica equilibrata e un funzionamento efficiente.<\/p>\n<p><img loading=\"lazy\" decoding=\"async\" class=\"alignleft wp-image-73 size-full\" src=\"https:\/\/flovac.es\/wp-content\/uploads\/2017\/12\/flovac-vacuum.jpg\" alt=\"Flovac's system\" width=\"240\" height=\"320\" srcset=\"https:\/\/flovac.es\/wp-content\/uploads\/2017\/12\/flovac-vacuum.jpg 240w, https:\/\/flovac.es\/wp-content\/uploads\/2017\/12\/flovac-vacuum-225x300.jpg 225w\" sizes=\"auto, (max-width: 240px) 100vw, 240px\" \/>La stazione di vuoto contiene un deposito di vuoto; pompe di scarico per inviare l'acqua di scarico all'impianto di trattamento; controlli per automatizzare la stazione e pompe di vuoto per mantenere una pressione negativa nella rete di vuoto.<\/p>\n<p>La pressione di vuoto \u00e8 solitamente fra 0,5 e 0,7 bars.<\/p>\n<\/p><\/div>\n<\/p><\/div>\n<p><!-- .dslc-module -->\n\t\t<\/div>\n<\/div>\n<\/div>\n<\/div>\n<\/div><\/div>","protected":false},"excerpt":{"rendered":"<p>Sistema Flovac della fognatura sottovuoto In Flovac siamo esperti nella soluzione delle difficolt\u00e0 della fognatura nelle zone geografiche speciali e nelle aree delicate ambientali con la tecnologia del vuoto. Il gruppo globale dell'ingegneria di Flovac capisce l'importanza dei problemi locali, sia un\u2019inondazione, un terremoto, un isolamento (geograficamente), le difficolt\u00e0 operative o la preoccupazione ambientale. Il [&hellip;]<\/p>\n","protected":false},"author":1,"featured_media":0,"parent":0,"menu_order":0,"comment_status":"closed","ping_status":"closed","template":"","meta":{"footnotes":""},"class_list":["post-2319","page","type-page","status-publish","hentry"],"yoast_head":"<!-- This site is optimized with the Yoast SEO plugin v27.3 - https:\/\/yoast.com\/product\/yoast-seo-wordpress\/ -->\n<title>Sistema Flovac della fognatura sottovuoto - Flovac<\/title>\n<meta name=\"description\" content=\"In Flovac siamo esperti nella soluzione delle difficolt\u00e0 della fognatura nelle zone geografiche speciali e nelle aree delicate ambientali con la tecnologia del vuoto.\" \/>\n<meta name=\"robots\" content=\"index, follow, max-snippet:-1, max-image-preview:large, max-video-preview:-1\" \/>\n<link rel=\"canonical\" href=\"https:\/\/flovac.es\/en\/sistema-flovac-della-fognatura-sottovuoto\/\" \/>\n<meta property=\"og:locale\" content=\"en_US\" \/>\n<meta property=\"og:type\" content=\"article\" \/>\n<meta property=\"og:title\" content=\"Sistema Flovac della fognatura sottovuoto - Flovac\" \/>\n<meta property=\"og:description\" content=\"In Flovac siamo esperti nella soluzione delle difficolt\u00e0 della fognatura nelle zone geografiche speciali e nelle aree delicate ambientali con la tecnologia del vuoto.\" \/>\n<meta property=\"og:url\" content=\"https:\/\/flovac.es\/en\/sistema-flovac-della-fognatura-sottovuoto\/\" \/>\n<meta property=\"og:site_name\" content=\"Flovac Sistema de Alcantarillado por Vac\u00edo\" \/>\n<meta property=\"article:modified_time\" content=\"2018-05-24T16:48:09+00:00\" \/>\n<meta name=\"twitter:card\" content=\"summary_large_image\" \/>\n<script type=\"application\/ld+json\" class=\"yoast-schema-graph\">{\"@context\":\"https:\\\/\\\/schema.org\",\"@graph\":[{\"@type\":\"WebPage\",\"@id\":\"https:\\\/\\\/flovac.es\\\/en\\\/sistema-flovac-della-fognatura-sottovuoto\\\/\",\"url\":\"https:\\\/\\\/flovac.es\\\/en\\\/sistema-flovac-della-fognatura-sottovuoto\\\/\",\"name\":\"Sistema Flovac della fognatura sottovuoto - Flovac\",\"isPartOf\":{\"@id\":\"https:\\\/\\\/flovac.es\\\/#website\"},\"primaryImageOfPage\":{\"@id\":\"https:\\\/\\\/flovac.es\\\/en\\\/sistema-flovac-della-fognatura-sottovuoto\\\/#primaryimage\"},\"image\":{\"@id\":\"https:\\\/\\\/flovac.es\\\/en\\\/sistema-flovac-della-fognatura-sottovuoto\\\/#primaryimage\"},\"thumbnailUrl\":\"https:\\\/\\\/flovac.es\\\/wp-content\\\/uploads\\\/2018\\\/01\\\/beneficios-valvula-flovac-2.jpg\",\"datePublished\":\"2018-02-05T08:58:26+00:00\",\"dateModified\":\"2018-05-24T16:48:09+00:00\",\"description\":\"In Flovac siamo esperti nella soluzione delle difficolt\u00e0 della fognatura nelle zone geografiche speciali e nelle aree delicate ambientali con la tecnologia del vuoto.\",\"breadcrumb\":{\"@id\":\"https:\\\/\\\/flovac.es\\\/en\\\/sistema-flovac-della-fognatura-sottovuoto\\\/#breadcrumb\"},\"inLanguage\":\"en-US\",\"potentialAction\":[{\"@type\":\"ReadAction\",\"target\":[\"https:\\\/\\\/flovac.es\\\/en\\\/sistema-flovac-della-fognatura-sottovuoto\\\/\"]}]},{\"@type\":\"ImageObject\",\"inLanguage\":\"en-US\",\"@id\":\"https:\\\/\\\/flovac.es\\\/en\\\/sistema-flovac-della-fognatura-sottovuoto\\\/#primaryimage\",\"url\":\"https:\\\/\\\/flovac.es\\\/wp-content\\\/uploads\\\/2018\\\/01\\\/beneficios-valvula-flovac-2.jpg\",\"contentUrl\":\"https:\\\/\\\/flovac.es\\\/wp-content\\\/uploads\\\/2018\\\/01\\\/beneficios-valvula-flovac-2.jpg\"},{\"@type\":\"BreadcrumbList\",\"@id\":\"https:\\\/\\\/flovac.es\\\/en\\\/sistema-flovac-della-fognatura-sottovuoto\\\/#breadcrumb\",\"itemListElement\":[{\"@type\":\"ListItem\",\"position\":1,\"name\":\"Portada\",\"item\":\"https:\\\/\\\/flovac.es\\\/en\\\/\"},{\"@type\":\"ListItem\",\"position\":2,\"name\":\"Sistema Flovac della fognatura sottovuoto\"}]},{\"@type\":\"WebSite\",\"@id\":\"https:\\\/\\\/flovac.es\\\/#website\",\"url\":\"https:\\\/\\\/flovac.es\\\/\",\"name\":\"Flovac Sistema de Alcantarillado por Vac\u00edo\",\"description\":\"El futuro verde del alcantarillado\",\"publisher\":{\"@id\":\"https:\\\/\\\/flovac.es\\\/#organization\"},\"potentialAction\":[{\"@type\":\"SearchAction\",\"target\":{\"@type\":\"EntryPoint\",\"urlTemplate\":\"https:\\\/\\\/flovac.es\\\/?s={search_term_string}\"},\"query-input\":{\"@type\":\"PropertyValueSpecification\",\"valueRequired\":true,\"valueName\":\"search_term_string\"}}],\"inLanguage\":\"en-US\"},{\"@type\":\"Organization\",\"@id\":\"https:\\\/\\\/flovac.es\\\/#organization\",\"name\":\"Flovac\",\"url\":\"https:\\\/\\\/flovac.es\\\/\",\"logo\":{\"@type\":\"ImageObject\",\"inLanguage\":\"en-US\",\"@id\":\"https:\\\/\\\/flovac.es\\\/#\\\/schema\\\/logo\\\/image\\\/\",\"url\":\"https:\\\/\\\/flovac.es\\\/wp-content\\\/uploads\\\/2017\\\/12\\\/flovac-logo.png\",\"contentUrl\":\"https:\\\/\\\/flovac.es\\\/wp-content\\\/uploads\\\/2017\\\/12\\\/flovac-logo.png\",\"width\":181,\"height\":43,\"caption\":\"Flovac\"},\"image\":{\"@id\":\"https:\\\/\\\/flovac.es\\\/#\\\/schema\\\/logo\\\/image\\\/\"},\"sameAs\":[\"https:\\\/\\\/www.linkedin.com\\\/company\\\/flow-vacuum-s.l.\",\"https:\\\/\\\/www.youtube.com\\\/channel\\\/UCIjTTBZWiDyGC_L7z5bfgOQ\"]}]}<\/script>\n<!-- \/ Yoast SEO plugin. -->","yoast_head_json":{"title":"Sistema Flovac della fognatura sottovuoto - Flovac","description":"In Flovac siamo esperti nella soluzione delle difficolt\u00e0 della fognatura nelle zone geografiche speciali e nelle aree delicate ambientali con la tecnologia del vuoto.","robots":{"index":"index","follow":"follow","max-snippet":"max-snippet:-1","max-image-preview":"max-image-preview:large","max-video-preview":"max-video-preview:-1"},"canonical":"https:\/\/flovac.es\/en\/sistema-flovac-della-fognatura-sottovuoto\/","og_locale":"en_US","og_type":"article","og_title":"Sistema Flovac della fognatura sottovuoto - Flovac","og_description":"In Flovac siamo esperti nella soluzione delle difficolt\u00e0 della fognatura nelle zone geografiche speciali e nelle aree delicate ambientali con la tecnologia del vuoto.","og_url":"https:\/\/flovac.es\/en\/sistema-flovac-della-fognatura-sottovuoto\/","og_site_name":"Flovac Sistema de Alcantarillado por Vac\u00edo","article_modified_time":"2018-05-24T16:48:09+00:00","twitter_card":"summary_large_image","schema":{"@context":"https:\/\/schema.org","@graph":[{"@type":"WebPage","@id":"https:\/\/flovac.es\/en\/sistema-flovac-della-fognatura-sottovuoto\/","url":"https:\/\/flovac.es\/en\/sistema-flovac-della-fognatura-sottovuoto\/","name":"Sistema Flovac della fognatura sottovuoto - Flovac","isPartOf":{"@id":"https:\/\/flovac.es\/#website"},"primaryImageOfPage":{"@id":"https:\/\/flovac.es\/en\/sistema-flovac-della-fognatura-sottovuoto\/#primaryimage"},"image":{"@id":"https:\/\/flovac.es\/en\/sistema-flovac-della-fognatura-sottovuoto\/#primaryimage"},"thumbnailUrl":"https:\/\/flovac.es\/wp-content\/uploads\/2018\/01\/beneficios-valvula-flovac-2.jpg","datePublished":"2018-02-05T08:58:26+00:00","dateModified":"2018-05-24T16:48:09+00:00","description":"In Flovac siamo esperti nella soluzione delle difficolt\u00e0 della fognatura nelle zone geografiche speciali e nelle aree delicate ambientali con la tecnologia del vuoto.","breadcrumb":{"@id":"https:\/\/flovac.es\/en\/sistema-flovac-della-fognatura-sottovuoto\/#breadcrumb"},"inLanguage":"en-US","potentialAction":[{"@type":"ReadAction","target":["https:\/\/flovac.es\/en\/sistema-flovac-della-fognatura-sottovuoto\/"]}]},{"@type":"ImageObject","inLanguage":"en-US","@id":"https:\/\/flovac.es\/en\/sistema-flovac-della-fognatura-sottovuoto\/#primaryimage","url":"https:\/\/flovac.es\/wp-content\/uploads\/2018\/01\/beneficios-valvula-flovac-2.jpg","contentUrl":"https:\/\/flovac.es\/wp-content\/uploads\/2018\/01\/beneficios-valvula-flovac-2.jpg"},{"@type":"BreadcrumbList","@id":"https:\/\/flovac.es\/en\/sistema-flovac-della-fognatura-sottovuoto\/#breadcrumb","itemListElement":[{"@type":"ListItem","position":1,"name":"Portada","item":"https:\/\/flovac.es\/en\/"},{"@type":"ListItem","position":2,"name":"Sistema Flovac della fognatura sottovuoto"}]},{"@type":"WebSite","@id":"https:\/\/flovac.es\/#website","url":"https:\/\/flovac.es\/","name":"Flovac Sistema de Alcantarillado por Vac\u00edo","description":"El futuro verde del alcantarillado","publisher":{"@id":"https:\/\/flovac.es\/#organization"},"potentialAction":[{"@type":"SearchAction","target":{"@type":"EntryPoint","urlTemplate":"https:\/\/flovac.es\/?s={search_term_string}"},"query-input":{"@type":"PropertyValueSpecification","valueRequired":true,"valueName":"search_term_string"}}],"inLanguage":"en-US"},{"@type":"Organization","@id":"https:\/\/flovac.es\/#organization","name":"Flovac","url":"https:\/\/flovac.es\/","logo":{"@type":"ImageObject","inLanguage":"en-US","@id":"https:\/\/flovac.es\/#\/schema\/logo\/image\/","url":"https:\/\/flovac.es\/wp-content\/uploads\/2017\/12\/flovac-logo.png","contentUrl":"https:\/\/flovac.es\/wp-content\/uploads\/2017\/12\/flovac-logo.png","width":181,"height":43,"caption":"Flovac"},"image":{"@id":"https:\/\/flovac.es\/#\/schema\/logo\/image\/"},"sameAs":["https:\/\/www.linkedin.com\/company\/flow-vacuum-s.l.","https:\/\/www.youtube.com\/channel\/UCIjTTBZWiDyGC_L7z5bfgOQ"]}]}},"_links":{"self":[{"href":"https:\/\/flovac.es\/en\/wp-json\/wp\/v2\/pages\/2319","targetHints":{"allow":["GET"]}}],"collection":[{"href":"https:\/\/flovac.es\/en\/wp-json\/wp\/v2\/pages"}],"about":[{"href":"https:\/\/flovac.es\/en\/wp-json\/wp\/v2\/types\/page"}],"author":[{"embeddable":true,"href":"https:\/\/flovac.es\/en\/wp-json\/wp\/v2\/users\/1"}],"replies":[{"embeddable":true,"href":"https:\/\/flovac.es\/en\/wp-json\/wp\/v2\/comments?post=2319"}],"version-history":[{"count":2,"href":"https:\/\/flovac.es\/en\/wp-json\/wp\/v2\/pages\/2319\/revisions"}],"predecessor-version":[{"id":4804,"href":"https:\/\/flovac.es\/en\/wp-json\/wp\/v2\/pages\/2319\/revisions\/4804"}],"wp:attachment":[{"href":"https:\/\/flovac.es\/en\/wp-json\/wp\/v2\/media?parent=2319"}],"curies":[{"name":"wp","href":"https:\/\/api.w.org\/{rel}","templated":true}]}}