{"id":2322,"date":"2018-02-05T10:48:00","date_gmt":"2018-02-05T09:48:00","guid":{"rendered":"http:\/\/flovac.es\/flovac-sistema-esgotos-vacuo\/"},"modified":"2018-05-24T17:48:59","modified_gmt":"2018-05-24T16:48:59","slug":"flovac-sistema-esgotos-vacuo","status":"publish","type":"page","link":"https:\/\/flovac.es\/en\/flovac-sistema-esgotos-vacuo\/","title":{"rendered":"Flovac sistema de esgotos por v\u00e1cuo"},"content":{"rendered":"<div id=\"dslc-theme-content\"><div id=\"dslc-theme-content-inner\"><div id=\"dslc-main\">\n<div  class=\"dslc-modules-section padding0 titular \" style=\"padding-bottom:0px;padding-top:0px;\" data-section-id=\"c84a794a3be\">\n<div class=\"dslc-modules-section-wrapper dslc-clearfix\">\n<div class=\"dslc-modules-area dslc-col dslc-12-col dslc-last-col\" data-size=\"12\" data-valign=\"\">\n<div id=\"dslc-module-631b7a0fb9a\" class=\"dslc-module-front dslc-module-DSLC_Text_Simple dslc-in-viewport-check dslc-in-viewport-anim-none  dslc-col dslc-12-col dslc-last-col  dslc-module-handle-like-regular \" data-module-id=\"631b7a0fb9a\" data-module=\"DSLC_Text_Simple\" data-dslc-module-size=\"12\" data-dslc-anim=\"none\" data-dslc-anim-delay=\"\" data-dslc-anim-duration=\"650\"  data-dslc-anim-easing=\"ease\" data-dslc-preset=\"none\" >\n<div class=\"dslc-text-module-content\">\n<h1 class=\"entry-title\">Flovac sistema de esgotos por v\u00e1cuo<\/h1>\n<\/p><\/div>\n<\/p><\/div>\n<p><!-- .dslc-module -->\n\t\t<\/div>\n<\/div>\n<\/div>\n<div  class=\"dslc-modules-section \" style=\"padding-bottom:0px;padding-top:0px;\" data-section-id=\"c8f393f35dd\">\n<div class=\"dslc-modules-section-wrapper dslc-clearfix\">\n<div class=\"dslc-modules-area dslc-col dslc-12-col dslc-last-col\" data-size=\"12\" data-valign=\"\">\n<div id=\"dslc-module-09659605ded\" class=\"dslc-module-front dslc-module-DSLC_Text_Simple dslc-in-viewport-check dslc-in-viewport-anim-none  dslc-col dslc-12-col dslc-last-col  dslc-module-handle-like-regular \" data-module-id=\"09659605ded\" data-module=\"DSLC_Text_Simple\" data-dslc-module-size=\"12\" data-dslc-anim=\"none\" data-dslc-anim-delay=\"\" data-dslc-anim-duration=\"650\"  data-dslc-anim-easing=\"ease\" data-dslc-preset=\"none\" >\n<div class=\"dslc-text-module-content\">\n<h2>A Flovac \u00e9 especialista em resolver problemas dif\u00edceis de engenharia em sistemas de esgotos, localizados em \u00e1reas geogr\u00e1ficas \u00fanicas e ambientalmente sens\u00edveis, usando a tecnologia do v\u00e1cuo.<\/h2>\n<p>A equipa global de engenharia da Flovac compreende a import\u00e2ncia dos locais e dos problemas espec\u00edficos de cada projeto, seja em zonas prop\u00edcias de inunda\u00e7\u00e3o, de terremotos, isoladas, quest\u00f5es operacionais ou de preocupa\u00e7\u00f5es ambientais.<\/p>\n<p>A Equipa de pesquisa e desenvolvimento da Flovac concentra-se em encontrar solu\u00e7\u00f5es para a execu\u00e7\u00e3o de redes de esgotos com problemas e de dif\u00edcil resolu\u00e7\u00e3o, implementando a tecnologia do v\u00e1cuo. Isto inclui o uso de tecnologia de monitoriza\u00e7\u00e3o de energia e solu\u00e7\u00f5es de poupan\u00e7a de \u00e1gua.<\/p>\n<p>A for\u00e7a da nossa empresa \u00e9 a sua abordagem ao \u201csistema\u201d em qualquer projeto, assegurando o envolvimento dos seus profissionais desde a fase de projeto at\u00e9 a excel\u00eancia operacional.<\/p>\n<p>Os nossos servi\u00e7os incluem: Estudo Pr\u00e9vio e Or\u00e7amento, Projeto de Execu\u00e7\u00e3o, Consultadoria e Gerenciamento de Projetos, Manuten\u00e7\u00e3o do Sistema, Apoio na Gest\u00e3o dos Sistemas e Forma\u00e7\u00e3o.<\/p>\n<p>Um sistema de esgotos por v\u00e1cuo \u00e9 um sistema que utiliza a press\u00e3o diferencial de ar e a gravidade para efetuar a recolha r\u00e1pida dos esgotos, atrav\u00e9s de uma rede de coletores desde a Caixa de V\u00e1lvula de V\u00e1cuo at\u00e9 a um deposito de recolha na esta\u00e7\u00e3o de v\u00e1cuo, que em seguida \u00e9 bombeado para um ponto de descarga. Uma quantidade de esgoto entra no sistema por v\u00e1cuo quando a V\u00e1lvula Flovac, localizada na caixa de v\u00e1lvula, abre automaticamente e o esgoto \u00e9 aspirado para o coletor de v\u00e1cuo principal. A V\u00e1lvula Flovac permanece aberta alguns segundos ap\u00f3s a aspira\u00e7\u00e3o do esgoto do po\u00e7o de recolha, permitindo que o ar atmosf\u00e9rico entre no sistema e os envie na dire\u00e7\u00e3o da Esta\u00e7\u00e3o de V\u00e1cuo.<\/p>\n<p><img loading=\"lazy\" decoding=\"async\" class=\"alignleft wp-image-174\" src=\"https:\/\/flovac.es\/wp-content\/uploads\/2018\/01\/beneficios-valvula-flovac-2.jpg\" alt=\"Beneficios v\u00e1lvula Flovac\" width=\"350\" height=\"232\" srcset=\"https:\/\/flovac.es\/wp-content\/uploads\/2018\/01\/beneficios-valvula-flovac-2.jpg 500w, https:\/\/flovac.es\/wp-content\/uploads\/2018\/01\/beneficios-valvula-flovac-2-300x199.jpg 300w\" sizes=\"auto, (max-width: 350px) 100vw, 350px\" \/>A Caixa de V\u00e1lvula de V\u00e1cuo cont\u00e9m a v\u00e1lvula de interface Flovac de 90mm (3 polegadas) e o po\u00e7o de recolha de esgoto.<\/p>\n<p>Quando aproximadamente 40 litros de esgoto chegam ao po\u00e7o de recolha proveniente de 1 at\u00e9 4 casas, o tubo sensor instalado no po\u00e7o de recolha ir\u00e1 acionar a v\u00e1lvula de v\u00e1cuo permitindo que o esgoto e em seguida o ar, entrem nos coletores de v\u00e1cuo a uma velocidade de 4 a 6 m\/s. Este sistema de aspira\u00e7\u00e3o, n\u00e3o permite a acumula\u00e7\u00e3o de gases no po\u00e7o de recolha evitando poss\u00edveis explos\u00f5es e maus cheiros.<\/p>\n<p>Na Caixa de V\u00e1lvula de V\u00e1cuo n\u00e3o necessita de energia el\u00e9trica, pois tudo funciona pneumaticamente.<\/p>\n<p>As Caixas de V\u00e1lvula de V\u00e1cuo Flovac em PE s\u00e3o as mais utilizadas, pois permitem a separa\u00e7\u00e3o entre o po\u00e7o de recolha e o compartimento da v\u00e1lvula de v\u00e1cuo Flovac, garantindo que os operadores n\u00e3o est\u00e3o em contacto com o esgoto. A v\u00e1lvula \u00e9 sempre instalada para f\u00e1cil acesso do operador sem ter que entrar num espa\u00e7o confinado.<\/p>\n<p>A v\u00e1lvula Flovac \u00e9 constitu\u00edda principalmente por polipropileno e fibra de vidro e tem um di\u00e2metro interno de 78mm (3,07 \u201c). Esta v\u00e1lvula foi projetada para funcionar durante 50 anos e em termos de manuten\u00e7\u00e3o requer\u00a0apenas a substitui\u00e7\u00e3o de pequenas pe\u00e7as a cada 10 anos.<\/p>\n<p>A v\u00e1lvula e o controlador Flovac foram projetados para facilitar o seu manuseamento por parte do operador, o controlador transparente \u00e9 facilmente separado do corpo da v\u00e1lvula atrav\u00e9s de uma chave de deslizamento simples. A parte superior do corpo da v\u00e1lvula pode ser facilmente separada do corpo \u201cY\u201d da v\u00e1lvula, para eliminar quaisquer bloqueios anormais.<\/p>\n<p><img loading=\"lazy\" decoding=\"async\" class=\"alignright size-full wp-image-72\" src=\"https:\/\/flovac.es\/wp-content\/uploads\/2017\/12\/flovac-vacuum-system.jpg\" alt=\"Flovac vacuum system\" width=\"350\" height=\"228\" srcset=\"https:\/\/flovac.es\/wp-content\/uploads\/2017\/12\/flovac-vacuum-system.jpg 350w, https:\/\/flovac.es\/wp-content\/uploads\/2017\/12\/flovac-vacuum-system-300x195.jpg 300w\" sizes=\"auto, (max-width: 350px) 100vw, 350px\" \/>A v\u00e1lvula foi projetada com o potencial de ser totalmente monitorizada, para que o operador possa verificar remotamente o seu estado de funcionamento e poss\u00edveis avarias ou a ocorr\u00eancia de descargas il\u00edcitas.<\/p>\n<p>A rede de coletores por v\u00e1cuo vai desde a caixa da v\u00e1lvula at\u00e9 \u00e1 esta\u00e7\u00e3o de v\u00e1cuo, transportando esgotos e ar.<\/p>\n<p>A rede de coletores por v\u00e1cuo pode ser feita em tubagem PN10 de PVC ou PEAD e \u00e9 projetada para ser enterrada com uma inclina\u00e7\u00e3o m\u00ednima de 0,2%. Ao longo da rede s\u00e3o instalados degraus (perfil dente de serra), para manter a profundidade da escava\u00e7\u00e3o. Quanto mais degraus s\u00e3o instalados, maior ser\u00e3o as perdas de carga hidr\u00e1ulicas, diminuindo assim a comprimento que a rede pode ter.<\/p>\n<p>Um sistema bem projetado pode ter um comprimento at\u00e9 5km, desde a esta\u00e7\u00e3o de v\u00e1cuo, em cada dire\u00e7\u00e3o. \u00c9 importante ter caixas de v\u00e1lvulas de v\u00e1cuo uniformemente distribu\u00eddas ao longo dos coletores para assegurar varias entradas de ar, que se traduz em energia a entrar no sistema.<\/p>\n<p>A maioria dos sistemas s\u00e3o projetados com 3 a 5 linhas principais de v\u00e1cuo, para obtermos uma distribui\u00e7\u00e3o uniforme dos caudais e uma boa efici\u00eancia operacional.<\/p>\n<p><img loading=\"lazy\" decoding=\"async\" class=\"alignleft size-full wp-image-73\" src=\"https:\/\/flovac.es\/wp-content\/uploads\/2017\/12\/flovac-vacuum.jpg\" alt=\"Flovac's system\" width=\"240\" height=\"320\" srcset=\"https:\/\/flovac.es\/wp-content\/uploads\/2017\/12\/flovac-vacuum.jpg 240w, https:\/\/flovac.es\/wp-content\/uploads\/2017\/12\/flovac-vacuum-225x300.jpg 225w\" sizes=\"auto, (max-width: 240px) 100vw, 240px\" \/>A Esta\u00e7\u00e3o de V\u00e1cuo \u00e9 constitu\u00edda por um dep\u00f3sito de v\u00e1cuo para a recolha de esgotos, bombas elevat\u00f3rias para bombear os esgotos para a ETAR, o quadro el\u00e9trico de comandos da esta\u00e7\u00e3o e por bombas de v\u00e1cuo para manter a press\u00e3o negativa (v\u00e1cuo) nas tubagens dos coletores.<\/p>\n<p>A press\u00e3o de v\u00e1cuo funciona normalmente entre -0.5 e -0.7 Bar.<\/p>\n<\/p><\/div>\n<\/p><\/div>\n<p><!-- .dslc-module -->\n\t\t<\/div>\n<\/div>\n<\/div>\n<\/div>\n<\/div><\/div>","protected":false},"excerpt":{"rendered":"<p>Flovac sistema de esgotos por v\u00e1cuo A Flovac \u00e9 especialista em resolver problemas dif\u00edceis de engenharia em sistemas de esgotos, localizados em \u00e1reas geogr\u00e1ficas \u00fanicas e ambientalmente sens\u00edveis, usando a tecnologia do v\u00e1cuo. A equipa global de engenharia da Flovac compreende a import\u00e2ncia dos locais e dos problemas espec\u00edficos de cada projeto, seja em zonas [&hellip;]<\/p>\n","protected":false},"author":1,"featured_media":0,"parent":0,"menu_order":0,"comment_status":"closed","ping_status":"closed","template":"","meta":{"footnotes":""},"class_list":["post-2322","page","type-page","status-publish","hentry"],"yoast_head":"<!-- This site is optimized with the Yoast SEO plugin v27.3 - https:\/\/yoast.com\/product\/yoast-seo-wordpress\/ -->\n<title>Flovac sistema de esgotos por v\u00e1cuo - Flovac<\/title>\n<meta name=\"description\" content=\"A Flovac \u00e9 especialista em resolver problemas dif\u00edceis de engenharia em sistemas de esgotos, localizados em \u00e1reas geogr\u00e1ficas \u00fanicas e ambientalmente sens\u00edveis, usando a sistema de esgotos por v\u00e1cuo.\" \/>\n<meta name=\"robots\" content=\"index, follow, max-snippet:-1, max-image-preview:large, max-video-preview:-1\" \/>\n<link rel=\"canonical\" href=\"https:\/\/flovac.es\/en\/flovac-sistema-esgotos-vacuo\/\" \/>\n<meta property=\"og:locale\" content=\"en_US\" \/>\n<meta property=\"og:type\" content=\"article\" \/>\n<meta property=\"og:title\" content=\"Flovac sistema de esgotos por v\u00e1cuo - Flovac\" \/>\n<meta property=\"og:description\" content=\"A Flovac \u00e9 especialista em resolver problemas dif\u00edceis de engenharia em sistemas de esgotos, localizados em \u00e1reas geogr\u00e1ficas \u00fanicas e ambientalmente sens\u00edveis, usando a sistema de esgotos por v\u00e1cuo.\" \/>\n<meta property=\"og:url\" content=\"https:\/\/flovac.es\/en\/flovac-sistema-esgotos-vacuo\/\" \/>\n<meta property=\"og:site_name\" content=\"Flovac Sistema de Alcantarillado por Vac\u00edo\" \/>\n<meta property=\"article:modified_time\" content=\"2018-05-24T16:48:59+00:00\" \/>\n<meta name=\"twitter:card\" content=\"summary_large_image\" \/>\n<script type=\"application\/ld+json\" class=\"yoast-schema-graph\">{\"@context\":\"https:\\\/\\\/schema.org\",\"@graph\":[{\"@type\":\"WebPage\",\"@id\":\"https:\\\/\\\/flovac.es\\\/en\\\/flovac-sistema-esgotos-vacuo\\\/\",\"url\":\"https:\\\/\\\/flovac.es\\\/en\\\/flovac-sistema-esgotos-vacuo\\\/\",\"name\":\"Flovac sistema de esgotos por v\u00e1cuo - Flovac\",\"isPartOf\":{\"@id\":\"https:\\\/\\\/flovac.es\\\/#website\"},\"primaryImageOfPage\":{\"@id\":\"https:\\\/\\\/flovac.es\\\/en\\\/flovac-sistema-esgotos-vacuo\\\/#primaryimage\"},\"image\":{\"@id\":\"https:\\\/\\\/flovac.es\\\/en\\\/flovac-sistema-esgotos-vacuo\\\/#primaryimage\"},\"thumbnailUrl\":\"https:\\\/\\\/flovac.es\\\/wp-content\\\/uploads\\\/2018\\\/01\\\/beneficios-valvula-flovac-2.jpg\",\"datePublished\":\"2018-02-05T09:48:00+00:00\",\"dateModified\":\"2018-05-24T16:48:59+00:00\",\"description\":\"A Flovac \u00e9 especialista em resolver problemas dif\u00edceis de engenharia em sistemas de esgotos, localizados em \u00e1reas geogr\u00e1ficas \u00fanicas e ambientalmente sens\u00edveis, usando a sistema de esgotos por v\u00e1cuo.\",\"breadcrumb\":{\"@id\":\"https:\\\/\\\/flovac.es\\\/en\\\/flovac-sistema-esgotos-vacuo\\\/#breadcrumb\"},\"inLanguage\":\"en-US\",\"potentialAction\":[{\"@type\":\"ReadAction\",\"target\":[\"https:\\\/\\\/flovac.es\\\/en\\\/flovac-sistema-esgotos-vacuo\\\/\"]}]},{\"@type\":\"ImageObject\",\"inLanguage\":\"en-US\",\"@id\":\"https:\\\/\\\/flovac.es\\\/en\\\/flovac-sistema-esgotos-vacuo\\\/#primaryimage\",\"url\":\"https:\\\/\\\/flovac.es\\\/wp-content\\\/uploads\\\/2018\\\/01\\\/beneficios-valvula-flovac-2.jpg\",\"contentUrl\":\"https:\\\/\\\/flovac.es\\\/wp-content\\\/uploads\\\/2018\\\/01\\\/beneficios-valvula-flovac-2.jpg\"},{\"@type\":\"BreadcrumbList\",\"@id\":\"https:\\\/\\\/flovac.es\\\/en\\\/flovac-sistema-esgotos-vacuo\\\/#breadcrumb\",\"itemListElement\":[{\"@type\":\"ListItem\",\"position\":1,\"name\":\"Portada\",\"item\":\"https:\\\/\\\/flovac.es\\\/en\\\/\"},{\"@type\":\"ListItem\",\"position\":2,\"name\":\"Flovac sistema de esgotos por v\u00e1cuo\"}]},{\"@type\":\"WebSite\",\"@id\":\"https:\\\/\\\/flovac.es\\\/#website\",\"url\":\"https:\\\/\\\/flovac.es\\\/\",\"name\":\"Flovac Sistema de Alcantarillado por Vac\u00edo\",\"description\":\"El futuro verde del alcantarillado\",\"publisher\":{\"@id\":\"https:\\\/\\\/flovac.es\\\/#organization\"},\"potentialAction\":[{\"@type\":\"SearchAction\",\"target\":{\"@type\":\"EntryPoint\",\"urlTemplate\":\"https:\\\/\\\/flovac.es\\\/?s={search_term_string}\"},\"query-input\":{\"@type\":\"PropertyValueSpecification\",\"valueRequired\":true,\"valueName\":\"search_term_string\"}}],\"inLanguage\":\"en-US\"},{\"@type\":\"Organization\",\"@id\":\"https:\\\/\\\/flovac.es\\\/#organization\",\"name\":\"Flovac\",\"url\":\"https:\\\/\\\/flovac.es\\\/\",\"logo\":{\"@type\":\"ImageObject\",\"inLanguage\":\"en-US\",\"@id\":\"https:\\\/\\\/flovac.es\\\/#\\\/schema\\\/logo\\\/image\\\/\",\"url\":\"https:\\\/\\\/flovac.es\\\/wp-content\\\/uploads\\\/2017\\\/12\\\/flovac-logo.png\",\"contentUrl\":\"https:\\\/\\\/flovac.es\\\/wp-content\\\/uploads\\\/2017\\\/12\\\/flovac-logo.png\",\"width\":181,\"height\":43,\"caption\":\"Flovac\"},\"image\":{\"@id\":\"https:\\\/\\\/flovac.es\\\/#\\\/schema\\\/logo\\\/image\\\/\"},\"sameAs\":[\"https:\\\/\\\/www.linkedin.com\\\/company\\\/flow-vacuum-s.l.\",\"https:\\\/\\\/www.youtube.com\\\/channel\\\/UCIjTTBZWiDyGC_L7z5bfgOQ\"]}]}<\/script>\n<!-- \/ Yoast SEO plugin. -->","yoast_head_json":{"title":"Flovac sistema de esgotos por v\u00e1cuo - Flovac","description":"A Flovac \u00e9 especialista em resolver problemas dif\u00edceis de engenharia em sistemas de esgotos, localizados em \u00e1reas geogr\u00e1ficas \u00fanicas e ambientalmente sens\u00edveis, usando a sistema de esgotos por v\u00e1cuo.","robots":{"index":"index","follow":"follow","max-snippet":"max-snippet:-1","max-image-preview":"max-image-preview:large","max-video-preview":"max-video-preview:-1"},"canonical":"https:\/\/flovac.es\/en\/flovac-sistema-esgotos-vacuo\/","og_locale":"en_US","og_type":"article","og_title":"Flovac sistema de esgotos por v\u00e1cuo - Flovac","og_description":"A Flovac \u00e9 especialista em resolver problemas dif\u00edceis de engenharia em sistemas de esgotos, localizados em \u00e1reas geogr\u00e1ficas \u00fanicas e ambientalmente sens\u00edveis, usando a sistema de esgotos por v\u00e1cuo.","og_url":"https:\/\/flovac.es\/en\/flovac-sistema-esgotos-vacuo\/","og_site_name":"Flovac Sistema de Alcantarillado por Vac\u00edo","article_modified_time":"2018-05-24T16:48:59+00:00","twitter_card":"summary_large_image","schema":{"@context":"https:\/\/schema.org","@graph":[{"@type":"WebPage","@id":"https:\/\/flovac.es\/en\/flovac-sistema-esgotos-vacuo\/","url":"https:\/\/flovac.es\/en\/flovac-sistema-esgotos-vacuo\/","name":"Flovac sistema de esgotos por v\u00e1cuo - Flovac","isPartOf":{"@id":"https:\/\/flovac.es\/#website"},"primaryImageOfPage":{"@id":"https:\/\/flovac.es\/en\/flovac-sistema-esgotos-vacuo\/#primaryimage"},"image":{"@id":"https:\/\/flovac.es\/en\/flovac-sistema-esgotos-vacuo\/#primaryimage"},"thumbnailUrl":"https:\/\/flovac.es\/wp-content\/uploads\/2018\/01\/beneficios-valvula-flovac-2.jpg","datePublished":"2018-02-05T09:48:00+00:00","dateModified":"2018-05-24T16:48:59+00:00","description":"A Flovac \u00e9 especialista em resolver problemas dif\u00edceis de engenharia em sistemas de esgotos, localizados em \u00e1reas geogr\u00e1ficas \u00fanicas e ambientalmente sens\u00edveis, usando a sistema de esgotos por v\u00e1cuo.","breadcrumb":{"@id":"https:\/\/flovac.es\/en\/flovac-sistema-esgotos-vacuo\/#breadcrumb"},"inLanguage":"en-US","potentialAction":[{"@type":"ReadAction","target":["https:\/\/flovac.es\/en\/flovac-sistema-esgotos-vacuo\/"]}]},{"@type":"ImageObject","inLanguage":"en-US","@id":"https:\/\/flovac.es\/en\/flovac-sistema-esgotos-vacuo\/#primaryimage","url":"https:\/\/flovac.es\/wp-content\/uploads\/2018\/01\/beneficios-valvula-flovac-2.jpg","contentUrl":"https:\/\/flovac.es\/wp-content\/uploads\/2018\/01\/beneficios-valvula-flovac-2.jpg"},{"@type":"BreadcrumbList","@id":"https:\/\/flovac.es\/en\/flovac-sistema-esgotos-vacuo\/#breadcrumb","itemListElement":[{"@type":"ListItem","position":1,"name":"Portada","item":"https:\/\/flovac.es\/en\/"},{"@type":"ListItem","position":2,"name":"Flovac sistema de esgotos por v\u00e1cuo"}]},{"@type":"WebSite","@id":"https:\/\/flovac.es\/#website","url":"https:\/\/flovac.es\/","name":"Flovac Sistema de Alcantarillado por Vac\u00edo","description":"El futuro verde del alcantarillado","publisher":{"@id":"https:\/\/flovac.es\/#organization"},"potentialAction":[{"@type":"SearchAction","target":{"@type":"EntryPoint","urlTemplate":"https:\/\/flovac.es\/?s={search_term_string}"},"query-input":{"@type":"PropertyValueSpecification","valueRequired":true,"valueName":"search_term_string"}}],"inLanguage":"en-US"},{"@type":"Organization","@id":"https:\/\/flovac.es\/#organization","name":"Flovac","url":"https:\/\/flovac.es\/","logo":{"@type":"ImageObject","inLanguage":"en-US","@id":"https:\/\/flovac.es\/#\/schema\/logo\/image\/","url":"https:\/\/flovac.es\/wp-content\/uploads\/2017\/12\/flovac-logo.png","contentUrl":"https:\/\/flovac.es\/wp-content\/uploads\/2017\/12\/flovac-logo.png","width":181,"height":43,"caption":"Flovac"},"image":{"@id":"https:\/\/flovac.es\/#\/schema\/logo\/image\/"},"sameAs":["https:\/\/www.linkedin.com\/company\/flow-vacuum-s.l.","https:\/\/www.youtube.com\/channel\/UCIjTTBZWiDyGC_L7z5bfgOQ"]}]}},"_links":{"self":[{"href":"https:\/\/flovac.es\/en\/wp-json\/wp\/v2\/pages\/2322","targetHints":{"allow":["GET"]}}],"collection":[{"href":"https:\/\/flovac.es\/en\/wp-json\/wp\/v2\/pages"}],"about":[{"href":"https:\/\/flovac.es\/en\/wp-json\/wp\/v2\/types\/page"}],"author":[{"embeddable":true,"href":"https:\/\/flovac.es\/en\/wp-json\/wp\/v2\/users\/1"}],"replies":[{"embeddable":true,"href":"https:\/\/flovac.es\/en\/wp-json\/wp\/v2\/comments?post=2322"}],"version-history":[{"count":1,"href":"https:\/\/flovac.es\/en\/wp-json\/wp\/v2\/pages\/2322\/revisions"}],"predecessor-version":[{"id":2323,"href":"https:\/\/flovac.es\/en\/wp-json\/wp\/v2\/pages\/2322\/revisions\/2323"}],"wp:attachment":[{"href":"https:\/\/flovac.es\/en\/wp-json\/wp\/v2\/media?parent=2322"}],"curies":[{"name":"wp","href":"https:\/\/api.w.org\/{rel}","templated":true}]}}