{"id":4802,"date":"2021-01-19T13:10:34","date_gmt":"2021-01-19T11:10:34","guid":{"rendered":"https:\/\/flovac.es\/le-systeme-dassainissement-sous-vide-de-flovac\/"},"modified":"2021-01-19T14:16:16","modified_gmt":"2021-01-19T12:16:16","slug":"le-systeme-dassainissement-sous-vide-de-flovac","status":"publish","type":"page","link":"https:\/\/flovac.es\/en\/le-systeme-dassainissement-sous-vide-de-flovac\/","title":{"rendered":"Le syst\u00e8me d'assainissement sous vide de Flovac"},"content":{"rendered":"<div id=\"dslc-theme-content\"><div id=\"dslc-theme-content-inner\"><div id=\"dslc-main\">\n<div  class=\"dslc-modules-section padding0 titular \" style=\"padding-bottom:0px;padding-top:0px;\" data-section-id=\"ce3ca667c77\">\n<div class=\"dslc-modules-section-wrapper dslc-clearfix\">\n<div class=\"dslc-modules-area dslc-col dslc-12-col dslc-last-col dslc-valign- \" data-size=\"12\" data-valign=\"\">\n<div id=\"dslc-module-9b0eac90bdd\" class=\"dslc-module-front dslc-module-DSLC_Text_Simple dslc-in-viewport-check dslc-in-viewport-anim-none  dslc-col dslc-12-col dslc-last-col  dslc-module-handle-like-regular \" data-module-id=\"9b0eac90bdd\" data-module=\"DSLC_Text_Simple\" data-dslc-module-size=\"12\" data-dslc-anim=\"none\" data-dslc-anim-delay=\"\" data-dslc-anim-duration=\"650\"  data-dslc-anim-easing=\"ease\" data-dslc-preset=\"none\" >\n<div class=\"dslc-text-module-content\">\n<h1>Le syst\u00e8me d\u2019assainissement sous vide de Flovac<\/h1>\n<\/p><\/div>\n<\/p><\/div>\n<p><!-- .dslc-module -->\n\t\t<\/div>\n<\/div>\n<\/div>\n<div  class=\"dslc-modules-section \" style=\"padding-bottom:0px;padding-top:0px;\" data-section-id=\"3bfd4013377\">\n<div class=\"dslc-modules-section-wrapper dslc-clearfix\">\n<div class=\"dslc-modules-area dslc-col dslc-12-col dslc-last-col dslc-valign- \" data-size=\"12\" data-valign=\"\">\n<div id=\"dslc-module-bcbab223539\" class=\"dslc-module-front dslc-module-DSLC_Text_Simple dslc-in-viewport-check dslc-in-viewport-anim-none  dslc-col dslc-12-col dslc-last-col  dslc-module-handle-like-regular \" data-module-id=\"bcbab223539\" data-module=\"DSLC_Text_Simple\" data-dslc-module-size=\"12\" data-dslc-anim=\"none\" data-dslc-anim-delay=\"\" data-dslc-anim-duration=\"650\"  data-dslc-anim-easing=\"ease\" data-dslc-preset=\"none\" >\n<div class=\"dslc-text-module-content\">\n<h2>Chez FLOVAC, nous sommes experts en r\u00e9solution de difficult\u00e9s d\u2019assainissement dans des zones g\u00e9ographiques sp\u00e9ciales ainsi que dans des zones sensibles d\u2019un point de vue environnemental, gr\u00e2ce \u00e0 la technologie sous vide.<\/h2>\n<p>L\u2019\u00e9quipe d\u2019ing\u00e9nierie globale de Flovac est consciente de l\u2019importance des probl\u00e8mes locaux, inondations, s\u00e9ismes, isolement g\u00e9ographique, difficult\u00e9s op\u00e9rationnelles ou autres enjeux environnementaux.<\/p>\n<p>L\u2019\u00e9quipe de recherche et d\u00e9veloppement de Flovac r\u00e9sout les probl\u00e8mes d\u2019assainissement par technologie sous vide. Cela comprend une technologie de surveillance (monitoring), mais aussi des solutions pour \u00e9conomiser l\u2019\u00e9nergie et l\u2019eau.<\/p>\n<p>Le point fort de l\u2019entreprise est son approche du \u00ab syst\u00e8me \u00bb pour chaque projet, assurant un engagement\u00a0total: \u00a0de la conception \u00e0 l\u2019excellence op\u00e9rationnelle.<\/p>\n<p>Nos services comprennent : la conception du projet et la planification du budget, la station sous vide et la configuration du r\u00e9seau, le master planning, l\u2019audit du syst\u00e8me, le projet management, la maintenance du syst\u00e8me, la plateforme de gestion active et la formation.<\/p>\n<p>Un syst\u00e8me d\u2019assainissement sous vide utilise des pressions d\u2019air et de gravit\u00e9 diff\u00e9rentes pour un transport rapide des eaux us\u00e9es des puits vers une station sous vide \u00e0 travers un r\u00e9seau de tuyaux. Les eaux us\u00e9es entrent dans le syst\u00e8me de vide quand la valve de Flovac s\u2019ouvre dans le puits et les eaux sont aspir\u00e9es par le r\u00e9seau sous vide. La valve de Flovac reste bri\u00e8vement ouverte, et permet \u00e0 l\u2019air ambiant d\u2019entrer dans le tuyau d\u2019aspiration et de transporter les eaux us\u00e9es \u00e0 la station sous vide.<\/p>\n<p><img loading=\"lazy\" decoding=\"async\" class=\"alignleft size-full wp-image-71\" src=\"https:\/\/flovac.es\/wp-content\/uploads\/2017\/12\/valvula-vacio-flovac.jpg\" alt=\"Flovac\u2019s vacuum valve\" width=\"350\" height=\"232\" srcset=\"https:\/\/flovac.es\/wp-content\/uploads\/2017\/12\/valvula-vacio-flovac.jpg 350w, https:\/\/flovac.es\/wp-content\/uploads\/2017\/12\/valvula-vacio-flovac-300x199.jpg 300w\" sizes=\"auto, (max-width: 350px) 100vw, 350px\" \/><\/p>\n<p>Le puits contient dans une seule unit\u00e9\u00a0: la valve sous vide Flovac, qui poss\u00e8de une connexion de 90 mm de diam\u00e8tre, et le puisard pour les eaux us\u00e9es.<\/p>\n<p>Quand Environ de 40 litres d\u2019eau entrent dans le puits correspondant environ \u00e0 4 maisons, un capteur par pression ouvre la valve, permettant aux d\u00e9chets, et ensuite \u00e0 l\u2019air d\u2019entrer \u00e0 une vitesse 4-6 m\/s. L\u2019aspiration assure l\u2019\u00e9vacuation de gaz ind\u00e9sirables depuis le puits et de pr\u00e9venir ainsi toute situation dangereuse.<\/p>\n<p>Cette \u00e9tape du process ne requi\u00e8re pas d\u2019\u00e9nergie, puisque toutes les op\u00e9rations fonctionnent par voie pneumatique.<\/p>\n<p><em>Les puits de PE de Flovac sont usuellement utilis\u00e9s\u00a0<\/em>permettant alors une s\u00e9paration entre le puisard et la valve de Flovac, et \u00e9vitant ainsi que les op\u00e9rateurs n\u2019entrent en contact avec les eaux us\u00e9es. La valve est facilement accessible \u00e0 l\u2019op\u00e9rateur <em>lui \u00e9vitant de s\u2019introduire dans un espace si r\u00e9duit.<\/em><\/p>\n<p>La valve de Flovac est faite de polypropyl\u00e8ne renforc\u00e9 de fibre de verre, poss\u00e8de un diam\u00e8tre interne de 78 mm et <em>est con\u00e7ue pour durer 50 ans. De plus, elle a seulement besoin de petits remplacements tous les 10 ans.<\/em><\/p>\n<p>La valve et le contr\u00f4leur ont \u00e9t\u00e9 con\u00e7us pour faciliter le travail des op\u00e9rateurs. Le contr\u00f4leur est transparent et peut \u00eatre facilement d\u00e9connect\u00e9 du corps de la valve, en d\u00e9sembo\u00eetant simplement la pi\u00e8ce d\u2019union (sans utiliser le moindre outil). La section sup\u00e9rieure de la valve se d\u00e9visse facilement du corps pour l\u2019\u00e9limination d\u2019obstructions exceptionnelles.<\/p>\n<p>En outre, le bon fonctionnement de la valve est surveillable \u00e0 tout moment, de mani\u00e8re qu\u2019un op\u00e9rateur peut identifier \u00e0 distance une panne, une infiltration etc.<\/p>\n<p><img loading=\"lazy\" decoding=\"async\" class=\"alignright size-full wp-image-72\" src=\"https:\/\/flovac.es\/wp-content\/uploads\/2017\/12\/flovac-vacuum-system.jpg\" alt=\"Flovac vacuum system\" width=\"350\" height=\"228\" srcset=\"https:\/\/flovac.es\/wp-content\/uploads\/2017\/12\/flovac-vacuum-system.jpg 350w, https:\/\/flovac.es\/wp-content\/uploads\/2017\/12\/flovac-vacuum-system-300x195.jpg 300w\" sizes=\"auto, (max-width: 350px) 100vw, 350px\" \/><\/p>\n<p>Le r\u00e9seau de tuyaux sous vide achemine les eaux us\u00e9es et l\u2019air du puits vers la station sous vide.<\/p>\n<p>Le r\u00e9seau sous vide peut \u00eatre constitu\u00e9 soit de conduites PE, soit de conduites PVC sous pression enterr\u00e9es \u00e0 faible profondeur, n\u00e9cessitant une d\u00e9clivit\u00e9 de seulement 0,2%.\u00a0 Le syst\u00e8me permet d\u2019int\u00e9grer des pi\u00e8ces de levage en PVC ou PE (\u00ab\u00a0lifts\u00a0\u00bb), formant le profil en dents de scie caract\u00e9ristique et \u00e9vitant que les conduits ne soient trop enfonc\u00e9s dans le sol. Plus de \u00ab\u00a0lifts\u00a0\u00bb implique des pertes hydrauliques sup\u00e9rieures mais aussi une r\u00e9duction significative de la longueur maximale du r\u00e9seau.<\/p>\n<p>Un syst\u00e8me bien con\u00e7u peut atteindre jusqu\u2019\u00e0 5 km autour de la station sous vide dans n\u2019importe quelle direction. Il convient de r\u00e9partir \u00e9quitablement les puits autour de la station et tout le long du r\u00e9seau, pour assurer une disponibilit\u00e9 suffisante d\u2019air (\u00e9nergie) entrant dans le syst\u00e8me.<\/p>\n<p>La plupart des syst\u00e8mes sont con\u00e7us sur la base de 3 \u00e0 5 r\u00e9seaux pour obtenir une distribution \u00e9quilibr\u00e9e de l\u2019eau et garantir un fonctionnement optimal.<\/p>\n<p><img loading=\"lazy\" decoding=\"async\" class=\"alignleft size-full wp-image-73\" src=\"https:\/\/flovac.es\/wp-content\/uploads\/2017\/12\/flovac-vacuum.jpg\" alt=\"Flovac's system\" width=\"240\" height=\"320\" srcset=\"https:\/\/flovac.es\/wp-content\/uploads\/2017\/12\/flovac-vacuum.jpg 240w, https:\/\/flovac.es\/wp-content\/uploads\/2017\/12\/flovac-vacuum-225x300.jpg 225w\" sizes=\"auto, (max-width: 240px) 100vw, 240px\" \/><\/p>\n<p>La station sous vide contient un d\u00e9p\u00f4t sous vide, des pompes d\u2019\u00e9vacuation pour envoyer les eaux us\u00e9es \u00e0 la station d\u2019\u00e9puration, des contr\u00f4les pour automatiser la station et pompes \u00e0 vide afin de maintenir une pression n\u00e9gative dans le r\u00e9seau sous vide.<\/p>\n<p>La pression sous vide oscille entre 0,5 et 0,7 bars.<\/p>\n<\/p><\/div>\n<\/p><\/div>\n<p><!-- .dslc-module -->\n\t\t<\/div>\n<\/div>\n<\/div>\n<\/div>\n<\/div><\/div>","protected":false},"excerpt":{"rendered":"<p>Le syst\u00e8me d\u2019assainissement sous vide de Flovac Chez FLOVAC, nous sommes experts en r\u00e9solution de difficult\u00e9s d\u2019assainissement dans des zones g\u00e9ographiques sp\u00e9ciales ainsi que dans des zones sensibles d\u2019un point de vue environnemental, gr\u00e2ce \u00e0 la technologie sous vide. L\u2019\u00e9quipe d\u2019ing\u00e9nierie globale de Flovac est consciente de l\u2019importance des probl\u00e8mes locaux, inondations, s\u00e9ismes, isolement g\u00e9ographique, [&hellip;]<\/p>\n","protected":false},"author":1,"featured_media":0,"parent":0,"menu_order":0,"comment_status":"closed","ping_status":"closed","template":"","meta":{"footnotes":""},"class_list":["post-4802","page","type-page","status-publish","hentry"],"yoast_head":"<!-- This site is optimized with the Yoast SEO plugin v27.3 - https:\/\/yoast.com\/product\/yoast-seo-wordpress\/ -->\n<title>Le syst\u00e8me d&#039;assainissement sous vide de Flovac<\/title>\n<meta name=\"description\" content=\"Nous sommes experts en r\u00e9solution de difficult\u00e9s d\u2019assainissement dans des zones g\u00e9ographiques sp\u00e9ciales gr\u00e2ce \u00e0 la technologie sous vide.\" \/>\n<meta name=\"robots\" content=\"index, follow, max-snippet:-1, max-image-preview:large, max-video-preview:-1\" \/>\n<link rel=\"canonical\" href=\"https:\/\/flovac.es\/en\/le-systeme-dassainissement-sous-vide-de-flovac\/\" \/>\n<meta property=\"og:locale\" content=\"en_US\" \/>\n<meta property=\"og:type\" content=\"article\" \/>\n<meta property=\"og:title\" content=\"Le syst\u00e8me d&#039;assainissement sous vide de Flovac\" \/>\n<meta property=\"og:description\" content=\"Nous sommes experts en r\u00e9solution de difficult\u00e9s d\u2019assainissement dans des zones g\u00e9ographiques sp\u00e9ciales gr\u00e2ce \u00e0 la technologie sous vide.\" \/>\n<meta property=\"og:url\" content=\"https:\/\/flovac.es\/en\/le-systeme-dassainissement-sous-vide-de-flovac\/\" \/>\n<meta property=\"og:site_name\" content=\"Flovac Sistema de Alcantarillado por Vac\u00edo\" \/>\n<meta property=\"article:modified_time\" content=\"2021-01-19T12:16:16+00:00\" \/>\n<meta name=\"twitter:card\" content=\"summary_large_image\" \/>\n<script type=\"application\/ld+json\" class=\"yoast-schema-graph\">{\"@context\":\"https:\\\/\\\/schema.org\",\"@graph\":[{\"@type\":\"WebPage\",\"@id\":\"https:\\\/\\\/flovac.es\\\/en\\\/le-systeme-dassainissement-sous-vide-de-flovac\\\/\",\"url\":\"https:\\\/\\\/flovac.es\\\/en\\\/le-systeme-dassainissement-sous-vide-de-flovac\\\/\",\"name\":\"Le syst\u00e8me d'assainissement sous vide de Flovac\",\"isPartOf\":{\"@id\":\"https:\\\/\\\/flovac.es\\\/#website\"},\"primaryImageOfPage\":{\"@id\":\"https:\\\/\\\/flovac.es\\\/en\\\/le-systeme-dassainissement-sous-vide-de-flovac\\\/#primaryimage\"},\"image\":{\"@id\":\"https:\\\/\\\/flovac.es\\\/en\\\/le-systeme-dassainissement-sous-vide-de-flovac\\\/#primaryimage\"},\"thumbnailUrl\":\"https:\\\/\\\/flovac.es\\\/wp-content\\\/uploads\\\/2017\\\/12\\\/valvula-vacio-flovac.jpg\",\"datePublished\":\"2021-01-19T11:10:34+00:00\",\"dateModified\":\"2021-01-19T12:16:16+00:00\",\"description\":\"Nous sommes experts en r\u00e9solution de difficult\u00e9s d\u2019assainissement dans des zones g\u00e9ographiques sp\u00e9ciales gr\u00e2ce \u00e0 la technologie sous vide.\",\"breadcrumb\":{\"@id\":\"https:\\\/\\\/flovac.es\\\/en\\\/le-systeme-dassainissement-sous-vide-de-flovac\\\/#breadcrumb\"},\"inLanguage\":\"en-US\",\"potentialAction\":[{\"@type\":\"ReadAction\",\"target\":[\"https:\\\/\\\/flovac.es\\\/en\\\/le-systeme-dassainissement-sous-vide-de-flovac\\\/\"]}]},{\"@type\":\"ImageObject\",\"inLanguage\":\"en-US\",\"@id\":\"https:\\\/\\\/flovac.es\\\/en\\\/le-systeme-dassainissement-sous-vide-de-flovac\\\/#primaryimage\",\"url\":\"https:\\\/\\\/flovac.es\\\/wp-content\\\/uploads\\\/2017\\\/12\\\/valvula-vacio-flovac.jpg\",\"contentUrl\":\"https:\\\/\\\/flovac.es\\\/wp-content\\\/uploads\\\/2017\\\/12\\\/valvula-vacio-flovac.jpg\"},{\"@type\":\"BreadcrumbList\",\"@id\":\"https:\\\/\\\/flovac.es\\\/en\\\/le-systeme-dassainissement-sous-vide-de-flovac\\\/#breadcrumb\",\"itemListElement\":[{\"@type\":\"ListItem\",\"position\":1,\"name\":\"Portada\",\"item\":\"https:\\\/\\\/flovac.es\\\/en\\\/\"},{\"@type\":\"ListItem\",\"position\":2,\"name\":\"Le syst\u00e8me d&#8217;assainissement sous vide de Flovac\"}]},{\"@type\":\"WebSite\",\"@id\":\"https:\\\/\\\/flovac.es\\\/#website\",\"url\":\"https:\\\/\\\/flovac.es\\\/\",\"name\":\"Flovac Sistema de Alcantarillado por Vac\u00edo\",\"description\":\"El futuro verde del alcantarillado\",\"publisher\":{\"@id\":\"https:\\\/\\\/flovac.es\\\/#organization\"},\"potentialAction\":[{\"@type\":\"SearchAction\",\"target\":{\"@type\":\"EntryPoint\",\"urlTemplate\":\"https:\\\/\\\/flovac.es\\\/?s={search_term_string}\"},\"query-input\":{\"@type\":\"PropertyValueSpecification\",\"valueRequired\":true,\"valueName\":\"search_term_string\"}}],\"inLanguage\":\"en-US\"},{\"@type\":\"Organization\",\"@id\":\"https:\\\/\\\/flovac.es\\\/#organization\",\"name\":\"Flovac\",\"url\":\"https:\\\/\\\/flovac.es\\\/\",\"logo\":{\"@type\":\"ImageObject\",\"inLanguage\":\"en-US\",\"@id\":\"https:\\\/\\\/flovac.es\\\/#\\\/schema\\\/logo\\\/image\\\/\",\"url\":\"https:\\\/\\\/flovac.es\\\/wp-content\\\/uploads\\\/2017\\\/12\\\/flovac-logo.png\",\"contentUrl\":\"https:\\\/\\\/flovac.es\\\/wp-content\\\/uploads\\\/2017\\\/12\\\/flovac-logo.png\",\"width\":181,\"height\":43,\"caption\":\"Flovac\"},\"image\":{\"@id\":\"https:\\\/\\\/flovac.es\\\/#\\\/schema\\\/logo\\\/image\\\/\"},\"sameAs\":[\"https:\\\/\\\/www.linkedin.com\\\/company\\\/flow-vacuum-s.l.\",\"https:\\\/\\\/www.youtube.com\\\/channel\\\/UCIjTTBZWiDyGC_L7z5bfgOQ\"]}]}<\/script>\n<!-- \/ Yoast SEO plugin. -->","yoast_head_json":{"title":"Le syst\u00e8me d'assainissement sous vide de Flovac","description":"Nous sommes experts en r\u00e9solution de difficult\u00e9s d\u2019assainissement dans des zones g\u00e9ographiques sp\u00e9ciales gr\u00e2ce \u00e0 la technologie sous vide.","robots":{"index":"index","follow":"follow","max-snippet":"max-snippet:-1","max-image-preview":"max-image-preview:large","max-video-preview":"max-video-preview:-1"},"canonical":"https:\/\/flovac.es\/en\/le-systeme-dassainissement-sous-vide-de-flovac\/","og_locale":"en_US","og_type":"article","og_title":"Le syst\u00e8me d'assainissement sous vide de Flovac","og_description":"Nous sommes experts en r\u00e9solution de difficult\u00e9s d\u2019assainissement dans des zones g\u00e9ographiques sp\u00e9ciales gr\u00e2ce \u00e0 la technologie sous vide.","og_url":"https:\/\/flovac.es\/en\/le-systeme-dassainissement-sous-vide-de-flovac\/","og_site_name":"Flovac Sistema de Alcantarillado por Vac\u00edo","article_modified_time":"2021-01-19T12:16:16+00:00","twitter_card":"summary_large_image","schema":{"@context":"https:\/\/schema.org","@graph":[{"@type":"WebPage","@id":"https:\/\/flovac.es\/en\/le-systeme-dassainissement-sous-vide-de-flovac\/","url":"https:\/\/flovac.es\/en\/le-systeme-dassainissement-sous-vide-de-flovac\/","name":"Le syst\u00e8me d'assainissement sous vide de Flovac","isPartOf":{"@id":"https:\/\/flovac.es\/#website"},"primaryImageOfPage":{"@id":"https:\/\/flovac.es\/en\/le-systeme-dassainissement-sous-vide-de-flovac\/#primaryimage"},"image":{"@id":"https:\/\/flovac.es\/en\/le-systeme-dassainissement-sous-vide-de-flovac\/#primaryimage"},"thumbnailUrl":"https:\/\/flovac.es\/wp-content\/uploads\/2017\/12\/valvula-vacio-flovac.jpg","datePublished":"2021-01-19T11:10:34+00:00","dateModified":"2021-01-19T12:16:16+00:00","description":"Nous sommes experts en r\u00e9solution de difficult\u00e9s d\u2019assainissement dans des zones g\u00e9ographiques sp\u00e9ciales gr\u00e2ce \u00e0 la technologie sous vide.","breadcrumb":{"@id":"https:\/\/flovac.es\/en\/le-systeme-dassainissement-sous-vide-de-flovac\/#breadcrumb"},"inLanguage":"en-US","potentialAction":[{"@type":"ReadAction","target":["https:\/\/flovac.es\/en\/le-systeme-dassainissement-sous-vide-de-flovac\/"]}]},{"@type":"ImageObject","inLanguage":"en-US","@id":"https:\/\/flovac.es\/en\/le-systeme-dassainissement-sous-vide-de-flovac\/#primaryimage","url":"https:\/\/flovac.es\/wp-content\/uploads\/2017\/12\/valvula-vacio-flovac.jpg","contentUrl":"https:\/\/flovac.es\/wp-content\/uploads\/2017\/12\/valvula-vacio-flovac.jpg"},{"@type":"BreadcrumbList","@id":"https:\/\/flovac.es\/en\/le-systeme-dassainissement-sous-vide-de-flovac\/#breadcrumb","itemListElement":[{"@type":"ListItem","position":1,"name":"Portada","item":"https:\/\/flovac.es\/en\/"},{"@type":"ListItem","position":2,"name":"Le syst\u00e8me d&#8217;assainissement sous vide de Flovac"}]},{"@type":"WebSite","@id":"https:\/\/flovac.es\/#website","url":"https:\/\/flovac.es\/","name":"Flovac Sistema de Alcantarillado por Vac\u00edo","description":"El futuro verde del alcantarillado","publisher":{"@id":"https:\/\/flovac.es\/#organization"},"potentialAction":[{"@type":"SearchAction","target":{"@type":"EntryPoint","urlTemplate":"https:\/\/flovac.es\/?s={search_term_string}"},"query-input":{"@type":"PropertyValueSpecification","valueRequired":true,"valueName":"search_term_string"}}],"inLanguage":"en-US"},{"@type":"Organization","@id":"https:\/\/flovac.es\/#organization","name":"Flovac","url":"https:\/\/flovac.es\/","logo":{"@type":"ImageObject","inLanguage":"en-US","@id":"https:\/\/flovac.es\/#\/schema\/logo\/image\/","url":"https:\/\/flovac.es\/wp-content\/uploads\/2017\/12\/flovac-logo.png","contentUrl":"https:\/\/flovac.es\/wp-content\/uploads\/2017\/12\/flovac-logo.png","width":181,"height":43,"caption":"Flovac"},"image":{"@id":"https:\/\/flovac.es\/#\/schema\/logo\/image\/"},"sameAs":["https:\/\/www.linkedin.com\/company\/flow-vacuum-s.l.","https:\/\/www.youtube.com\/channel\/UCIjTTBZWiDyGC_L7z5bfgOQ"]}]}},"_links":{"self":[{"href":"https:\/\/flovac.es\/en\/wp-json\/wp\/v2\/pages\/4802","targetHints":{"allow":["GET"]}}],"collection":[{"href":"https:\/\/flovac.es\/en\/wp-json\/wp\/v2\/pages"}],"about":[{"href":"https:\/\/flovac.es\/en\/wp-json\/wp\/v2\/types\/page"}],"author":[{"embeddable":true,"href":"https:\/\/flovac.es\/en\/wp-json\/wp\/v2\/users\/1"}],"replies":[{"embeddable":true,"href":"https:\/\/flovac.es\/en\/wp-json\/wp\/v2\/comments?post=4802"}],"version-history":[{"count":2,"href":"https:\/\/flovac.es\/en\/wp-json\/wp\/v2\/pages\/4802\/revisions"}],"predecessor-version":[{"id":4811,"href":"https:\/\/flovac.es\/en\/wp-json\/wp\/v2\/pages\/4802\/revisions\/4811"}],"wp:attachment":[{"href":"https:\/\/flovac.es\/en\/wp-json\/wp\/v2\/media?parent=4802"}],"curies":[{"name":"wp","href":"https:\/\/api.w.org\/{rel}","templated":true}]}}