{"id":5489,"date":"2021-11-04T13:51:16","date_gmt":"2021-11-04T11:51:16","guid":{"rendered":"https:\/\/flovac.es\/?page_id=5489"},"modified":"2021-11-04T13:53:42","modified_gmt":"2021-11-04T11:53:42","slug":"remote","status":"publish","type":"page","link":"https:\/\/flovac.es\/en\/remote\/","title":{"rendered":"Remote"},"content":{"rendered":"<div id=\"dslc-theme-content\"><div id=\"dslc-theme-content-inner\"><div id=\"dslc-main\">\n<div  class=\"dslc-modules-section padding0 titular \" style=\"padding-bottom:0px;padding-top:0px;\" data-section-id=\"df87872c89d\">\n<div class=\"dslc-modules-section-wrapper dslc-clearfix\">\n<div class=\"dslc-modules-area dslc-col dslc-12-col dslc-last-col dslc-valign- \" data-size=\"12\" data-valign=\"\">\n<div id=\"dslc-module-0287592d96d\" class=\"dslc-module-front dslc-module-DSLC_Text_Simple dslc-in-viewport-check dslc-in-viewport-anim-none  dslc-col dslc-12-col dslc-last-col  dslc-module-handle-like-regular \" data-module-id=\"0287592d96d\" data-module=\"DSLC_Text_Simple\" data-dslc-module-size=\"12\" data-dslc-anim=\"none\" data-dslc-anim-delay=\"\" data-dslc-anim-duration=\"650\"  data-dslc-anim-easing=\"ease\" data-dslc-preset=\"none\" >\n<div class=\"dslc-text-module-content\">\n<h1>Customer Area<\/h1>\n<\/p><\/div>\n<\/p><\/div>\n<p><!-- .dslc-module -->\n\t\t<\/div>\n<\/div>\n<\/div>\n<div  class=\"dslc-modules-section \" style=\"padding-bottom:0px;padding-top:0px;\" data-section-id=\"3b585f973b2\">\n<div class=\"dslc-modules-section-wrapper dslc-clearfix\">\n<div class=\"dslc-modules-area dslc-col dslc-12-col dslc-last-col dslc-valign- \" data-size=\"12\" data-valign=\"\">\n<div id=\"dslc-module-99b0380ad97\" class=\"dslc-module-front dslc-module-DSLC_Text_Simple dslc-in-viewport-check dslc-in-viewport-anim-none  dslc-col dslc-12-col dslc-last-col  dslc-module-handle-like-regular \" data-module-id=\"99b0380ad97\" data-module=\"DSLC_Text_Simple\" data-dslc-module-size=\"12\" data-dslc-anim=\"none\" data-dslc-anim-delay=\"\" data-dslc-anim-duration=\"650\"  data-dslc-anim-easing=\"ease\" data-dslc-preset=\"none\" >\n<div class=\"dslc-text-module-content\">\n\t\t\t<iframe loading=\"lazy\" src=\"https:\/\/m2web.talk2m.com\/flovac01\/?iframe=1\" width=\"70%\" height=\"200\" style=\"display:block; margin:auto\"><\/p>\n<p>Su navegador no puede cargar la p\u00e1gina correctamente. Haga clic <a href='https:\/\/m2web.talk2m.com\/flovac01\/'>aqu\u00ed para iniciar sesi\u00f3n<\/a><br \/>\n<\/iframe>\t\t<\/div>\n<\/p><\/div>\n<p><!-- .dslc-module -->\n\t\t<\/div>\n<\/div>\n<\/div>\n<\/div>\n<\/div><\/div>","protected":false},"excerpt":{"rendered":"<p>Customer Area Su navegador no puede cargar la p\u00e1gina correctamente. Haga clic aqu\u00ed para iniciar sesi\u00f3n<\/p>\n","protected":false},"author":1,"featured_media":0,"parent":0,"menu_order":0,"comment_status":"closed","ping_status":"closed","template":"","meta":{"footnotes":""},"class_list":["post-5489","page","type-page","status-publish","hentry"],"yoast_head":"<!-- This site is optimized with the Yoast SEO plugin v27.3 - https:\/\/yoast.com\/product\/yoast-seo-wordpress\/ -->\n<title>Remote - Flovac Sistema de Alcantarillado por Vac\u00edo<\/title>\n<meta name=\"robots\" content=\"index, follow, max-snippet:-1, max-image-preview:large, max-video-preview:-1\" \/>\n<link rel=\"canonical\" href=\"https:\/\/flovac.es\/en\/remote\/\" \/>\n<meta property=\"og:locale\" content=\"en_US\" \/>\n<meta property=\"og:type\" content=\"article\" \/>\n<meta property=\"og:title\" content=\"Remote - Flovac Sistema de Alcantarillado por Vac\u00edo\" \/>\n<meta property=\"og:description\" content=\"Customer Area Su navegador no puede cargar la p\u00e1gina correctamente. Haga clic aqu\u00ed para iniciar sesi\u00f3n\" \/>\n<meta property=\"og:url\" content=\"https:\/\/flovac.es\/en\/remote\/\" \/>\n<meta property=\"og:site_name\" content=\"Flovac Sistema de Alcantarillado por Vac\u00edo\" \/>\n<meta property=\"article:modified_time\" content=\"2021-11-04T11:53:42+00:00\" \/>\n<meta name=\"twitter:card\" content=\"summary_large_image\" \/>\n<script type=\"application\/ld+json\" class=\"yoast-schema-graph\">{\"@context\":\"https:\\\/\\\/schema.org\",\"@graph\":[{\"@type\":\"WebPage\",\"@id\":\"https:\\\/\\\/flovac.es\\\/en\\\/remote\\\/\",\"url\":\"https:\\\/\\\/flovac.es\\\/en\\\/remote\\\/\",\"name\":\"Remote - Flovac Sistema de Alcantarillado por Vac\u00edo\",\"isPartOf\":{\"@id\":\"https:\\\/\\\/flovac.es\\\/#website\"},\"datePublished\":\"2021-11-04T11:51:16+00:00\",\"dateModified\":\"2021-11-04T11:53:42+00:00\",\"breadcrumb\":{\"@id\":\"https:\\\/\\\/flovac.es\\\/en\\\/remote\\\/#breadcrumb\"},\"inLanguage\":\"en-US\",\"potentialAction\":[{\"@type\":\"ReadAction\",\"target\":[\"https:\\\/\\\/flovac.es\\\/en\\\/remote\\\/\"]}]},{\"@type\":\"BreadcrumbList\",\"@id\":\"https:\\\/\\\/flovac.es\\\/en\\\/remote\\\/#breadcrumb\",\"itemListElement\":[{\"@type\":\"ListItem\",\"position\":1,\"name\":\"Portada\",\"item\":\"https:\\\/\\\/flovac.es\\\/en\\\/\"},{\"@type\":\"ListItem\",\"position\":2,\"name\":\"Remote\"}]},{\"@type\":\"WebSite\",\"@id\":\"https:\\\/\\\/flovac.es\\\/#website\",\"url\":\"https:\\\/\\\/flovac.es\\\/\",\"name\":\"Flovac Sistema de Alcantarillado por Vac\u00edo\",\"description\":\"El futuro verde del alcantarillado\",\"publisher\":{\"@id\":\"https:\\\/\\\/flovac.es\\\/#organization\"},\"potentialAction\":[{\"@type\":\"SearchAction\",\"target\":{\"@type\":\"EntryPoint\",\"urlTemplate\":\"https:\\\/\\\/flovac.es\\\/?s={search_term_string}\"},\"query-input\":{\"@type\":\"PropertyValueSpecification\",\"valueRequired\":true,\"valueName\":\"search_term_string\"}}],\"inLanguage\":\"en-US\"},{\"@type\":\"Organization\",\"@id\":\"https:\\\/\\\/flovac.es\\\/#organization\",\"name\":\"Flovac\",\"url\":\"https:\\\/\\\/flovac.es\\\/\",\"logo\":{\"@type\":\"ImageObject\",\"inLanguage\":\"en-US\",\"@id\":\"https:\\\/\\\/flovac.es\\\/#\\\/schema\\\/logo\\\/image\\\/\",\"url\":\"https:\\\/\\\/flovac.es\\\/wp-content\\\/uploads\\\/2017\\\/12\\\/flovac-logo.png\",\"contentUrl\":\"https:\\\/\\\/flovac.es\\\/wp-content\\\/uploads\\\/2017\\\/12\\\/flovac-logo.png\",\"width\":181,\"height\":43,\"caption\":\"Flovac\"},\"image\":{\"@id\":\"https:\\\/\\\/flovac.es\\\/#\\\/schema\\\/logo\\\/image\\\/\"},\"sameAs\":[\"https:\\\/\\\/www.linkedin.com\\\/company\\\/flow-vacuum-s.l.\",\"https:\\\/\\\/www.youtube.com\\\/channel\\\/UCIjTTBZWiDyGC_L7z5bfgOQ\"]}]}<\/script>\n<!-- \/ Yoast SEO plugin. -->","yoast_head_json":{"title":"Remote - Flovac Sistema de Alcantarillado por Vac\u00edo","robots":{"index":"index","follow":"follow","max-snippet":"max-snippet:-1","max-image-preview":"max-image-preview:large","max-video-preview":"max-video-preview:-1"},"canonical":"https:\/\/flovac.es\/en\/remote\/","og_locale":"en_US","og_type":"article","og_title":"Remote - Flovac Sistema de Alcantarillado por Vac\u00edo","og_description":"Customer Area Su navegador no puede cargar la p\u00e1gina correctamente. Haga clic aqu\u00ed para iniciar sesi\u00f3n","og_url":"https:\/\/flovac.es\/en\/remote\/","og_site_name":"Flovac Sistema de Alcantarillado por Vac\u00edo","article_modified_time":"2021-11-04T11:53:42+00:00","twitter_card":"summary_large_image","schema":{"@context":"https:\/\/schema.org","@graph":[{"@type":"WebPage","@id":"https:\/\/flovac.es\/en\/remote\/","url":"https:\/\/flovac.es\/en\/remote\/","name":"Remote - Flovac Sistema de Alcantarillado por Vac\u00edo","isPartOf":{"@id":"https:\/\/flovac.es\/#website"},"datePublished":"2021-11-04T11:51:16+00:00","dateModified":"2021-11-04T11:53:42+00:00","breadcrumb":{"@id":"https:\/\/flovac.es\/en\/remote\/#breadcrumb"},"inLanguage":"en-US","potentialAction":[{"@type":"ReadAction","target":["https:\/\/flovac.es\/en\/remote\/"]}]},{"@type":"BreadcrumbList","@id":"https:\/\/flovac.es\/en\/remote\/#breadcrumb","itemListElement":[{"@type":"ListItem","position":1,"name":"Portada","item":"https:\/\/flovac.es\/en\/"},{"@type":"ListItem","position":2,"name":"Remote"}]},{"@type":"WebSite","@id":"https:\/\/flovac.es\/#website","url":"https:\/\/flovac.es\/","name":"Flovac Sistema de Alcantarillado por Vac\u00edo","description":"El futuro verde del alcantarillado","publisher":{"@id":"https:\/\/flovac.es\/#organization"},"potentialAction":[{"@type":"SearchAction","target":{"@type":"EntryPoint","urlTemplate":"https:\/\/flovac.es\/?s={search_term_string}"},"query-input":{"@type":"PropertyValueSpecification","valueRequired":true,"valueName":"search_term_string"}}],"inLanguage":"en-US"},{"@type":"Organization","@id":"https:\/\/flovac.es\/#organization","name":"Flovac","url":"https:\/\/flovac.es\/","logo":{"@type":"ImageObject","inLanguage":"en-US","@id":"https:\/\/flovac.es\/#\/schema\/logo\/image\/","url":"https:\/\/flovac.es\/wp-content\/uploads\/2017\/12\/flovac-logo.png","contentUrl":"https:\/\/flovac.es\/wp-content\/uploads\/2017\/12\/flovac-logo.png","width":181,"height":43,"caption":"Flovac"},"image":{"@id":"https:\/\/flovac.es\/#\/schema\/logo\/image\/"},"sameAs":["https:\/\/www.linkedin.com\/company\/flow-vacuum-s.l.","https:\/\/www.youtube.com\/channel\/UCIjTTBZWiDyGC_L7z5bfgOQ"]}]}},"_links":{"self":[{"href":"https:\/\/flovac.es\/en\/wp-json\/wp\/v2\/pages\/5489","targetHints":{"allow":["GET"]}}],"collection":[{"href":"https:\/\/flovac.es\/en\/wp-json\/wp\/v2\/pages"}],"about":[{"href":"https:\/\/flovac.es\/en\/wp-json\/wp\/v2\/types\/page"}],"author":[{"embeddable":true,"href":"https:\/\/flovac.es\/en\/wp-json\/wp\/v2\/users\/1"}],"replies":[{"embeddable":true,"href":"https:\/\/flovac.es\/en\/wp-json\/wp\/v2\/comments?post=5489"}],"version-history":[{"count":3,"href":"https:\/\/flovac.es\/en\/wp-json\/wp\/v2\/pages\/5489\/revisions"}],"predecessor-version":[{"id":5492,"href":"https:\/\/flovac.es\/en\/wp-json\/wp\/v2\/pages\/5489\/revisions\/5492"}],"wp:attachment":[{"href":"https:\/\/flovac.es\/en\/wp-json\/wp\/v2\/media?parent=5489"}],"curies":[{"name":"wp","href":"https:\/\/api.w.org\/{rel}","templated":true}]}}